{"id":22955,"date":"2022-07-05T23:07:39","date_gmt":"2022-07-05T21:07:39","guid":{"rendered":"https:\/\/cepis.fpzg.unizg.hr\/?page_id=22955"},"modified":"2022-07-05T23:07:39","modified_gmt":"2022-07-05T21:07:39","slug":"izvrsna-vlast","status":"publish","type":"page","link":"https:\/\/cepis.fpzg.unizg.hr\/index.php\/izvrsna-vlast\/","title":{"rendered":"Izvr\u0161na vlast"},"content":{"rendered":"\n<p>U ovoj sekciji nalaze se baze podataka s dokumentima i analizama vezanim uz rad Vlade. U bazi se trenutno nalaze i javnosti do sada nedostupni dokumenti, poput deklasificiranih zapisnika sa sjednica Vlade RH.<\/p>\n\n\n\n<ol class=\"wp-block-list\"><li><a href=\"https:\/\/www.dropbox.com\/sh\/my0lymfl4wq5k2h\/AACHhA47CI92FgG6yGctzcdWa?dl=0\">Arhiva deklasificiranih dnevnih redova sjednica Vlade Republike Hrvatske od 1990. do 2015.<\/a><ol><li>Odlukom Vlade RH od 14. sije\u010dnja 2016. na 272. sjednici odobren je zahtjev Centra za pristup dnevnim redovima sjednica Vlade RH koji su zbog klasifikacije tajnosti bili nedostupni javnosti. U prilogu je arhiva svih deklasificiranih zapisnika dnevnih redova sjednica Vlade Republike Hrvatske od 1990. do 2012. prikupljena u sklopu projekta &#8220;Politi\u010dki prioriteti u Hrvatskoj od 1990. do 2015.&#8221;. Ukoliko \u0107ete koristiti arhivu naslovnica za vlastita istra\u017eivanja, molimo Vas da izvor podataka navedete na sljede\u0107i na\u010din: \u0160irini\u0107, Daniela, Dario Niki\u0107 \u010cakar, Ana Petek, Josip \u0160ipi\u0107, Vi\u0161eslav Raos i Anka Kekez. (2016.) Politi\u010dki prioriteti u Hrvatskoj od 1990. do 2015.<\/li><\/ol><\/li><\/ol>\n","protected":false},"excerpt":{"rendered":"<p>U ovoj sekciji nalaze se baze podataka s dokumentima i analizama vezanim uz rad Vlade. U bazi se trenutno nalaze i javnosti do sada nedostupni dokumenti, poput deklasificiranih zapisnika sa sjednica Vlade RH. Arhiva deklasificiranih dnevnih redova sjednica Vlade Republike Hrvatske od 1990. do 2015. Odlukom Vlade RH od 14. sije\u010dnja 2016. na 272. sjednici&hellip;&nbsp;<a href=\"https:\/\/cepis.fpzg.unizg.hr\/index.php\/izvrsna-vlast\/\" class=\"\" rel=\"bookmark\">Read More &raquo;<span class=\"screen-reader-text\">Izvr\u0161na vlast<\/span><\/a><\/p>\n","protected":false},"author":1,"featured_media":0,"parent":0,"menu_order":0,"comment_status":"closed","ping_status":"closed","template":"","meta":{"neve_meta_sidebar":"","neve_meta_container":"","neve_meta_enable_content_width":"","neve_meta_content_width":0,"neve_meta_title_alignment":"","neve_meta_author_avatar":"","neve_post_elements_order":"","neve_meta_disable_header":"","neve_meta_disable_footer":"","neve_meta_disable_title":"","footnotes":""},"class_list":["post-22955","page","type-page","status-publish","hentry"],"_links":{"self":[{"href":"https:\/\/cepis.fpzg.unizg.hr\/index.php\/wp-json\/wp\/v2\/pages\/22955","targetHints":{"allow":["GET"]}}],"collection":[{"href":"https:\/\/cepis.fpzg.unizg.hr\/index.php\/wp-json\/wp\/v2\/pages"}],"about":[{"href":"https:\/\/cepis.fpzg.unizg.hr\/index.php\/wp-json\/wp\/v2\/types\/page"}],"author":[{"embeddable":true,"href":"https:\/\/cepis.fpzg.unizg.hr\/index.php\/wp-json\/wp\/v2\/users\/1"}],"replies":[{"embeddable":true,"href":"https:\/\/cepis.fpzg.unizg.hr\/index.php\/wp-json\/wp\/v2\/comments?post=22955"}],"version-history":[{"count":1,"href":"https:\/\/cepis.fpzg.unizg.hr\/index.php\/wp-json\/wp\/v2\/pages\/22955\/revisions"}],"predecessor-version":[{"id":22956,"href":"https:\/\/cepis.fpzg.unizg.hr\/index.php\/wp-json\/wp\/v2\/pages\/22955\/revisions\/22956"}],"wp:attachment":[{"href":"https:\/\/cepis.fpzg.unizg.hr\/index.php\/wp-json\/wp\/v2\/media?parent=22955"}],"curies":[{"name":"wp","href":"https:\/\/api.w.org\/{rel}","templated":true}]}}